{"id":15337,"date":"2023-06-15T10:21:10","date_gmt":"2023-06-15T08:21:10","guid":{"rendered":"https:\/\/onan.be\/?post_type=product&#038;p=15337"},"modified":"2025-10-31T21:53:18","modified_gmt":"2025-10-31T20:53:18","slug":"ou-de-curcuma","status":"publish","type":"product","link":"https:\/\/onan.be\/fr\/produit\/ou-de-curcuma\/","title":{"rendered":"Or de Curcuma"},"content":{"rendered":"","protected":false},"excerpt":{"rendered":"<p>curcuma, gingembre, graines d'anis, \u00e9corce de cacao, cannelle<\/p>","protected":false},"featured_media":15383,"template":"","meta":{"_acf_changed":false},"product_brand":[],"product_cat":[18],"product_tag":[],"giftcard-category":[],"class_list":{"0":"post-15337","1":"product","2":"type-product","3":"status-publish","4":"has-post-thumbnail","6":"product_cat-teas","7":"product_experience-balanced","8":"product_experience-relaxed","9":"product_experience-warm","10":"product_flavour-herbal","11":"product_flavour-spicy","12":"product_tea_type-herbal-infusion","14":"first","15":"instock","16":"taxable","17":"shipping-taxable","18":"purchasable","19":"product-type-variable"},"acf":[],"yoast_head":"<!-- This site is optimized with the Yoast SEO plugin v27.1.1 - https:\/\/yoast.com\/product\/yoast-seo-wordpress\/ -->\n<title>Or de Curcuma - Onan Coffee &amp; Tea<\/title>\n<meta name=\"robots\" content=\"index, follow, max-snippet:-1, max-image-preview:large, max-video-preview:-1\" \/>\n<link rel=\"canonical\" href=\"https:\/\/onan.be\/fr\/produit\/ou-de-curcuma\/\" \/>\n<meta property=\"og:locale\" content=\"fr_FR\" \/>\n<meta property=\"og:type\" content=\"article\" \/>\n<meta property=\"og:title\" content=\"Or de Curcuma - Onan Coffee &amp; Tea\" \/>\n<meta property=\"og:description\" content=\"turmeric, ginger, anise seed, cocoa bark, cinnamon\" \/>\n<meta property=\"og:url\" content=\"https:\/\/onan.be\/fr\/produit\/ou-de-curcuma\/\" \/>\n<meta property=\"og:site_name\" content=\"Onan Coffee &amp; Tea\" \/>\n<meta property=\"article:modified_time\" content=\"2025-10-31T20:53:18+00:00\" \/>\n<meta property=\"og:image\" content=\"https:\/\/onan.be\/app\/uploads\/2023\/06\/or-de-curcuma-mockup.jpg\" \/>\n\t<meta property=\"og:image:width\" content=\"1586\" \/>\n\t<meta property=\"og:image:height\" content=\"2206\" \/>\n\t<meta property=\"og:image:type\" content=\"image\/jpeg\" \/>\n<meta name=\"twitter:card\" content=\"summary_large_image\" \/>\n<meta name=\"twitter:label1\" content=\"Dur\u00e9e de lecture estim\u00e9e\" \/>\n\t<meta name=\"twitter:data1\" content=\"1 minute\" \/>\n<script type=\"application\/ld+json\" class=\"yoast-schema-graph\">{\"@context\":\"https:\/\/schema.org\",\"@graph\":[{\"@type\":\"WebPage\",\"@id\":\"https:\/\/onan.be\/product\/or-de-curcuma\/\",\"url\":\"https:\/\/onan.be\/product\/or-de-curcuma\/\",\"name\":\"Or de Curcuma - Onan Coffee &amp; Tea\",\"isPartOf\":{\"@id\":\"https:\/\/onan.be\/#website\"},\"primaryImageOfPage\":{\"@id\":\"https:\/\/onan.be\/product\/or-de-curcuma\/#primaryimage\"},\"image\":{\"@id\":\"https:\/\/onan.be\/product\/or-de-curcuma\/#primaryimage\"},\"thumbnailUrl\":\"https:\/\/onan.be\/app\/uploads\/2023\/06\/or-de-curcuma-mockup.jpg\",\"datePublished\":\"2023-06-15T08:21:10+00:00\",\"dateModified\":\"2025-10-31T20:53:18+00:00\",\"breadcrumb\":{\"@id\":\"https:\/\/onan.be\/product\/or-de-curcuma\/#breadcrumb\"},\"inLanguage\":\"fr-FR\",\"potentialAction\":[{\"@type\":\"ReadAction\",\"target\":[\"https:\/\/onan.be\/product\/or-de-curcuma\/\"]}]},{\"@type\":\"ImageObject\",\"inLanguage\":\"fr-FR\",\"@id\":\"https:\/\/onan.be\/product\/or-de-curcuma\/#primaryimage\",\"url\":\"https:\/\/onan.be\/app\/uploads\/2023\/06\/or-de-curcuma-mockup.jpg\",\"contentUrl\":\"https:\/\/onan.be\/app\/uploads\/2023\/06\/or-de-curcuma-mockup.jpg\",\"width\":1586,\"height\":2206},{\"@type\":\"BreadcrumbList\",\"@id\":\"https:\/\/onan.be\/product\/or-de-curcuma\/#breadcrumb\",\"itemListElement\":[{\"@type\":\"ListItem\",\"position\":1,\"name\":\"Home\",\"item\":\"https:\/\/onan.be\/\"},{\"@type\":\"ListItem\",\"position\":2,\"name\":\"Shop\",\"item\":\"https:\/\/onan.be\/shop\/\"},{\"@type\":\"ListItem\",\"position\":3,\"name\":\"Or de Curcuma\"}]},{\"@type\":\"WebSite\",\"@id\":\"https:\/\/onan.be\/#website\",\"url\":\"https:\/\/onan.be\/\",\"name\":\"Onan Coffee &amp; Tea\",\"description\":\"Roasting &amp; Blending\",\"potentialAction\":[{\"@type\":\"SearchAction\",\"target\":{\"@type\":\"EntryPoint\",\"urlTemplate\":\"https:\/\/onan.be\/?s={search_term_string}\"},\"query-input\":{\"@type\":\"PropertyValueSpecification\",\"valueRequired\":true,\"valueName\":\"search_term_string\"}}],\"inLanguage\":\"fr-FR\"}]}<\/script>\n<!-- \/ Yoast SEO plugin. -->","yoast_head_json":{"title":"Or de Curcuma - Onan Coffee &amp; Tea","robots":{"index":"index","follow":"follow","max-snippet":"max-snippet:-1","max-image-preview":"max-image-preview:large","max-video-preview":"max-video-preview:-1"},"canonical":"https:\/\/onan.be\/fr\/produit\/ou-de-curcuma\/","og_locale":"fr_FR","og_type":"article","og_title":"Or de Curcuma - Onan Coffee &amp; Tea","og_description":"turmeric, ginger, anise seed, cocoa bark, cinnamon","og_url":"https:\/\/onan.be\/fr\/produit\/ou-de-curcuma\/","og_site_name":"Onan Coffee &amp; Tea","article_modified_time":"2025-10-31T20:53:18+00:00","og_image":[{"width":1586,"height":2206,"url":"https:\/\/onan.be\/app\/uploads\/2023\/06\/or-de-curcuma-mockup.jpg","type":"image\/jpeg"}],"twitter_card":"summary_large_image","twitter_misc":{"Dur\u00e9e de lecture estim\u00e9e":"1 minute"},"schema":{"@context":"https:\/\/schema.org","@graph":[{"@type":"WebPage","@id":"https:\/\/onan.be\/product\/or-de-curcuma\/","url":"https:\/\/onan.be\/product\/or-de-curcuma\/","name":"Or de Curcuma - Onan Coffee &amp; Tea","isPartOf":{"@id":"https:\/\/onan.be\/#website"},"primaryImageOfPage":{"@id":"https:\/\/onan.be\/product\/or-de-curcuma\/#primaryimage"},"image":{"@id":"https:\/\/onan.be\/product\/or-de-curcuma\/#primaryimage"},"thumbnailUrl":"https:\/\/onan.be\/app\/uploads\/2023\/06\/or-de-curcuma-mockup.jpg","datePublished":"2023-06-15T08:21:10+00:00","dateModified":"2025-10-31T20:53:18+00:00","breadcrumb":{"@id":"https:\/\/onan.be\/product\/or-de-curcuma\/#breadcrumb"},"inLanguage":"fr-FR","potentialAction":[{"@type":"ReadAction","target":["https:\/\/onan.be\/product\/or-de-curcuma\/"]}]},{"@type":"ImageObject","inLanguage":"fr-FR","@id":"https:\/\/onan.be\/product\/or-de-curcuma\/#primaryimage","url":"https:\/\/onan.be\/app\/uploads\/2023\/06\/or-de-curcuma-mockup.jpg","contentUrl":"https:\/\/onan.be\/app\/uploads\/2023\/06\/or-de-curcuma-mockup.jpg","width":1586,"height":2206},{"@type":"BreadcrumbList","@id":"https:\/\/onan.be\/product\/or-de-curcuma\/#breadcrumb","itemListElement":[{"@type":"ListItem","position":1,"name":"Home","item":"https:\/\/onan.be\/"},{"@type":"ListItem","position":2,"name":"Shop","item":"https:\/\/onan.be\/shop\/"},{"@type":"ListItem","position":3,"name":"Or de Curcuma"}]},{"@type":"WebSite","@id":"https:\/\/onan.be\/#website","url":"https:\/\/onan.be\/","name":"Caf\u00e9 et th\u00e9 Onan","description":"Torr\u00e9faction et m\u00e9lange","potentialAction":[{"@type":"SearchAction","target":{"@type":"EntryPoint","urlTemplate":"https:\/\/onan.be\/?s={search_term_string}"},"query-input":{"@type":"PropertyValueSpecification","valueRequired":true,"valueName":"search_term_string"}}],"inLanguage":"fr-FR"}]}},"_links":{"self":[{"href":"https:\/\/onan.be\/fr\/wp-json\/wp\/v2\/product\/15337","targetHints":{"allow":["GET"]}}],"collection":[{"href":"https:\/\/onan.be\/fr\/wp-json\/wp\/v2\/product"}],"about":[{"href":"https:\/\/onan.be\/fr\/wp-json\/wp\/v2\/types\/product"}],"version-history":[{"count":1,"href":"https:\/\/onan.be\/fr\/wp-json\/wp\/v2\/product\/15337\/revisions"}],"predecessor-version":[{"id":83270,"href":"https:\/\/onan.be\/fr\/wp-json\/wp\/v2\/product\/15337\/revisions\/83270"}],"wp:featuredmedia":[{"embeddable":true,"href":"https:\/\/onan.be\/fr\/wp-json\/wp\/v2\/media\/15383"}],"wp:attachment":[{"href":"https:\/\/onan.be\/fr\/wp-json\/wp\/v2\/media?parent=15337"}],"wp:term":[{"taxonomy":"product_brand","embeddable":true,"href":"https:\/\/onan.be\/fr\/wp-json\/wp\/v2\/product_brand?post=15337"},{"taxonomy":"product_cat","embeddable":true,"href":"https:\/\/onan.be\/fr\/wp-json\/wp\/v2\/product_cat?post=15337"},{"taxonomy":"product_tag","embeddable":true,"href":"https:\/\/onan.be\/fr\/wp-json\/wp\/v2\/product_tag?post=15337"},{"taxonomy":"giftcard-category","embeddable":true,"href":"https:\/\/onan.be\/fr\/wp-json\/wp\/v2\/giftcard-category?post=15337"}],"curies":[{"name":"wp","href":"https:\/\/api.w.org\/{rel}","templated":true}]}}